{"id":163,"date":"2022-06-22T20:24:04","date_gmt":"2022-06-22T18:24:04","guid":{"rendered":"http:\/\/aspsm.fr\/?post_type=product&#038;p=163"},"modified":"2026-02-02T12:44:37","modified_gmt":"2026-02-02T11:44:37","slug":"demande-dadhesion-bateau-et-capitaine","status":"publish","type":"product","link":"https:\/\/aspsm.fr\/index.php\/produit\/demande-dadhesion-bateau-et-capitaine\/","title":{"rendered":"Demande d\u2019adh\u00e9sion 2026 Bateau et Capitaine"},"content":{"rendered":"[vc_row type=\u00a0\u00bbin_container\u00a0\u00bb full_screen_row_position=\u00a0\u00bbmiddle\u00a0\u00bb column_margin=\u00a0\u00bbdefault\u00a0\u00bb column_direction=\u00a0\u00bbdefault\u00a0\u00bb column_direction_tablet=\u00a0\u00bbdefault\u00a0\u00bb column_direction_phone=\u00a0\u00bbdefault\u00a0\u00bb scene_position=\u00a0\u00bbcenter\u00a0\u00bb text_color=\u00a0\u00bbdark\u00a0\u00bb text_align=\u00a0\u00bbleft\u00a0\u00bb row_border_radius=\u00a0\u00bbnone\u00a0\u00bb row_border_radius_applies=\u00a0\u00bbbg\u00a0\u00bb overflow=\u00a0\u00bbvisible\u00a0\u00bb overlay_strength=\u00a0\u00bb0.3&Prime; gradient_direction=\u00a0\u00bbleft_to_right\u00a0\u00bb shape_divider_position=\u00a0\u00bbbottom\u00a0\u00bb bg_image_animation=\u00a0\u00bbnone\u00a0\u00bb][vc_column column_padding=\u00a0\u00bbno-extra-padding\u00a0\u00bb column_padding_tablet=\u00a0\u00bbinherit\u00a0\u00bb column_padding_phone=\u00a0\u00bbinherit\u00a0\u00bb column_padding_position=\u00a0\u00bball\u00a0\u00bb column_element_spacing=\u00a0\u00bbdefault\u00a0\u00bb background_color_opacity=\u00a0\u00bb1&Prime; background_hover_color_opacity=\u00a0\u00bb1&Prime; column_shadow=\u00a0\u00bbnone\u00a0\u00bb column_border_radius=\u00a0\u00bbnone\u00a0\u00bb column_link_target=\u00a0\u00bb_self\u00a0\u00bb column_position=\u00a0\u00bbdefault\u00a0\u00bb gradient_direction=\u00a0\u00bbleft_to_right\u00a0\u00bb overlay_strength=\u00a0\u00bb0.3&Prime; width=\u00a0\u00bb1\/1&Prime; tablet_width_inherit=\u00a0\u00bbdefault\u00a0\u00bb tablet_text_alignment=\u00a0\u00bbdefault\u00a0\u00bb phone_text_alignment=\u00a0\u00bbdefault\u00a0\u00bb animation_type=\u00a0\u00bbdefault\u00a0\u00bb bg_image_animation=\u00a0\u00bbnone\u00a0\u00bb border_type=\u00a0\u00bbsimple\u00a0\u00bb column_border_width=\u00a0\u00bbnone\u00a0\u00bb column_border_style=\u00a0\u00bbsolid\u00a0\u00bb][vc_column_text]\n<h2>Association Sablaise de P\u00eache Sportive en Mer<\/h2>\n<p><span style=\"font-size: 14pt;\">Notre association promeut la p\u00eache aux Sables d\u2019Olonne en Liant p\u00eacheurs, fournisseurs de mat\u00e9riel et acteurs du domaine maritime.<\/span><\/p>\n<p><span style=\"font-size: 14pt;\">Arm\u00e9 de votre canne et leurres ou app\u00e2ts, gardez la ligne en attrapant Bar, Maigre, Dorade, C\u00e9phalopode, Lieu, Maquereau et St Pierre.<\/span><\/p>\n<p><span style=\"font-size: 14pt;\">Sur terre, participez aux ateliers montage, mat\u00e9riel s\u00e9curit\u00e9, app\u00e2ts\u2026<\/span><\/p>\n<p><span style=\"font-size: 14pt;\">Vous \u00eates propri\u00e9taire d\u2019un bateau, d\u00e9p\u00eachez-vous de nous rejoindre pour partager des moments fun et uniques !<\/span>[\/vc_column_text][\/vc_column][\/vc_row]\n","protected":false},"excerpt":{"rendered":"<p><span style=\"font-size: 14pt;\">En mer comme sur terre, gardez la p\u00eache en REJOIGNANT L\u2019ASPSM de Port Olona<\/span><\/p>\n<p><span style=\"font-size: 14pt;\">Ci-dessous les renseignements n\u00e9cessaires \u00e0 mon adh\u00e9sion :<\/span><\/p>\n","protected":false},"featured_media":164,"template":"","meta":[],"product_brand":[],"product_cat":[21],"product_tag":[],"class_list":{"0":"post-163","1":"product","2":"type-product","3":"status-publish","4":"has-post-thumbnail","6":"product_cat-adhesion","8":"first","9":"instock","10":"shipping-taxable","11":"purchasable","12":"product-type-simple"},"_links":{"self":[{"href":"https:\/\/aspsm.fr\/index.php\/wp-json\/wp\/v2\/product\/163","targetHints":{"allow":["GET"]}}],"collection":[{"href":"https:\/\/aspsm.fr\/index.php\/wp-json\/wp\/v2\/product"}],"about":[{"href":"https:\/\/aspsm.fr\/index.php\/wp-json\/wp\/v2\/types\/product"}],"wp:featuredmedia":[{"embeddable":true,"href":"https:\/\/aspsm.fr\/index.php\/wp-json\/wp\/v2\/media\/164"}],"wp:attachment":[{"href":"https:\/\/aspsm.fr\/index.php\/wp-json\/wp\/v2\/media?parent=163"}],"wp:term":[{"taxonomy":"product_brand","embeddable":true,"href":"https:\/\/aspsm.fr\/index.php\/wp-json\/wp\/v2\/product_brand?post=163"},{"taxonomy":"product_cat","embeddable":true,"href":"https:\/\/aspsm.fr\/index.php\/wp-json\/wp\/v2\/product_cat?post=163"},{"taxonomy":"product_tag","embeddable":true,"href":"https:\/\/aspsm.fr\/index.php\/wp-json\/wp\/v2\/product_tag?post=163"}],"curies":[{"name":"wp","href":"https:\/\/api.w.org\/{rel}","templated":true}]}}